{"id":77,"date":"2018-05-31T10:04:40","date_gmt":"2018-05-31T08:04:40","guid":{"rendered":"http:\/\/rgcuir.eu\/?page_id=77"},"modified":"2019-01-09T17:43:14","modified_gmt":"2019-01-09T16:43:14","slug":"qui-sommes-nous","status":"publish","type":"page","link":"https:\/\/rgcuir.eu\/index.php\/qui-sommes-nous\/","title":{"rendered":"Qui sommes-nous ?"},"content":{"rendered":"<p>&nbsp;<\/p>\n<p>&nbsp;<\/p>\n<p><img loading=\"lazy\" class=\"alignnone wp-image-137\" src=\"http:\/\/rgcuir.eu\/wp-content\/uploads\/2018\/06\/Peaux-Poils-Tricolore.jpg\" alt=\"\" width=\"3001\" height=\"2094\" srcset=\"https:\/\/rgcuir.eu\/wp-content\/uploads\/2018\/06\/Peaux-Poils-Tricolore.jpg 3001w, https:\/\/rgcuir.eu\/wp-content\/uploads\/2018\/06\/Peaux-Poils-Tricolore-300x209.jpg 300w, https:\/\/rgcuir.eu\/wp-content\/uploads\/2018\/06\/Peaux-Poils-Tricolore-768x536.jpg 768w, https:\/\/rgcuir.eu\/wp-content\/uploads\/2018\/06\/Peaux-Poils-Tricolore-1024x715.jpg 1024w\" sizes=\"(max-width: 706px) 89vw, (max-width: 767px) 82vw, 740px\" \/><\/p>\n<p style=\"text-align: left;\">Sp\u00e9cialiste du cuir Ameublement d\u00e9coration depuis plus de 30 ans .<\/p>\n<p>Nous vous proposons des cr\u00e9ations sur mesure.<\/p>\n<p>30 gammes de cuir disponibles en stock.<\/p>\n<p>Cuir lisse, Grain\u00e9, Imprim\u00e9 fa\u00e7on croco, Galuchat, L\u00e9zard, Python, Iguane,<\/p>\n<p>Tortue, \u00c9l\u00e9phant,\u00a0 Parchemin, Peaux, Poils, etc.<\/p>\n","protected":false},"excerpt":{"rendered":"<p>&nbsp; &nbsp; Sp\u00e9cialiste du cuir Ameublement d\u00e9coration depuis plus de 30 ans . Nous vous proposons des cr\u00e9ations sur mesure. 30 gammes de cuir disponibles en stock. Cuir lisse, Grain\u00e9, Imprim\u00e9 fa\u00e7on croco, Galuchat, L\u00e9zard, Python, Iguane, Tortue, \u00c9l\u00e9phant,\u00a0 Parchemin, Peaux, Poils, etc.<\/p>\n","protected":false},"author":1,"featured_media":0,"parent":0,"menu_order":0,"comment_status":"closed","ping_status":"closed","template":"","meta":[],"_links":{"self":[{"href":"https:\/\/rgcuir.eu\/index.php\/wp-json\/wp\/v2\/pages\/77"}],"collection":[{"href":"https:\/\/rgcuir.eu\/index.php\/wp-json\/wp\/v2\/pages"}],"about":[{"href":"https:\/\/rgcuir.eu\/index.php\/wp-json\/wp\/v2\/types\/page"}],"author":[{"embeddable":true,"href":"https:\/\/rgcuir.eu\/index.php\/wp-json\/wp\/v2\/users\/1"}],"replies":[{"embeddable":true,"href":"https:\/\/rgcuir.eu\/index.php\/wp-json\/wp\/v2\/comments?post=77"}],"version-history":[{"count":12,"href":"https:\/\/rgcuir.eu\/index.php\/wp-json\/wp\/v2\/pages\/77\/revisions"}],"predecessor-version":[{"id":360,"href":"https:\/\/rgcuir.eu\/index.php\/wp-json\/wp\/v2\/pages\/77\/revisions\/360"}],"wp:attachment":[{"href":"https:\/\/rgcuir.eu\/index.php\/wp-json\/wp\/v2\/media?parent=77"}],"curies":[{"name":"wp","href":"https:\/\/api.w.org\/{rel}","templated":true}]}}