{"id":119,"date":"2018-06-04T10:39:33","date_gmt":"2018-06-04T08:39:33","guid":{"rendered":"http:\/\/rgcuir.eu\/?page_id=119"},"modified":"2019-01-09T17:33:35","modified_gmt":"2019-01-09T16:33:35","slug":"nos-partenaires","status":"publish","type":"page","link":"https:\/\/rgcuir.eu\/index.php\/nos-partenaires\/","title":{"rendered":"Nos partenaires"},"content":{"rendered":"<div><a style=\"font-size: 1rem; color: #000000;\" href=\"http:\/\/www.coulontapissier.com\" target=\"_blank\" rel=\"noopener\"><img loading=\"lazy\" class=\"alignnone wp-image-120\" src=\"http:\/\/rgcuir.eu\/wp-content\/uploads\/2018\/06\/logo-300x106.jpg\" alt=\"\" width=\"156\" height=\"55\" srcset=\"https:\/\/rgcuir.eu\/wp-content\/uploads\/2018\/06\/logo-300x106.jpg 300w, https:\/\/rgcuir.eu\/wp-content\/uploads\/2018\/06\/logo.jpg 586w\" sizes=\"(max-width: 156px) 100vw, 156px\" \/><\/a><\/div>\n<div>Sp\u00e9cialiste du Mobilier des Ann\u00e9es 30 \u00e0 80<\/div>\n<div><a href=\"http:\/\/www.coulontapissier.com\">www.coulontapissier.com<\/a><\/div>\n<div><\/div>\n<div><\/div>\n<div>\n<p>&nbsp;<\/p>\n<p>&nbsp;<\/p>\n<\/div>\n<div><\/div>\n","protected":false},"excerpt":{"rendered":"<p>Sp\u00e9cialiste du Mobilier des Ann\u00e9es 30 \u00e0 80 www.coulontapissier.com &nbsp; &nbsp;<\/p>\n","protected":false},"author":1,"featured_media":0,"parent":0,"menu_order":0,"comment_status":"closed","ping_status":"closed","template":"","meta":[],"_links":{"self":[{"href":"https:\/\/rgcuir.eu\/index.php\/wp-json\/wp\/v2\/pages\/119"}],"collection":[{"href":"https:\/\/rgcuir.eu\/index.php\/wp-json\/wp\/v2\/pages"}],"about":[{"href":"https:\/\/rgcuir.eu\/index.php\/wp-json\/wp\/v2\/types\/page"}],"author":[{"embeddable":true,"href":"https:\/\/rgcuir.eu\/index.php\/wp-json\/wp\/v2\/users\/1"}],"replies":[{"embeddable":true,"href":"https:\/\/rgcuir.eu\/index.php\/wp-json\/wp\/v2\/comments?post=119"}],"version-history":[{"count":9,"href":"https:\/\/rgcuir.eu\/index.php\/wp-json\/wp\/v2\/pages\/119\/revisions"}],"predecessor-version":[{"id":356,"href":"https:\/\/rgcuir.eu\/index.php\/wp-json\/wp\/v2\/pages\/119\/revisions\/356"}],"wp:attachment":[{"href":"https:\/\/rgcuir.eu\/index.php\/wp-json\/wp\/v2\/media?parent=119"}],"curies":[{"name":"wp","href":"https:\/\/api.w.org\/{rel}","templated":true}]}}